{"id":66967,"date":"2024-01-22T10:58:10","date_gmt":"2024-01-22T10:58:10","guid":{"rendered":"https:\/\/www.re-mind.care\/?page_id=66967"},"modified":"2024-05-15T13:50:15","modified_gmt":"2024-05-15T13:50:15","slug":"voorkom-tandenslijtage-met-de-re-mind","status":"publish","type":"page","link":"https:\/\/www.re-mind.care\/de\/voorkom-tandenslijtage-met-de-re-mind\/","title":{"rendered":"Vorbeugung von Zahnverschlei\u00df durch Z\u00e4hneknirschen mit dem Re-mind"},"content":{"rendered":"<div data-elementor-type=\"wp-page\" data-elementor-id=\"66967\" class=\"elementor elementor-66967\" data-elementor-post-type=\"page\">\n\t\t\t\t<div class=\"elementor-element elementor-element-d073f37 e-flex e-con-boxed e-con e-parent\" data-id=\"d073f37\" data-element_type=\"container\">\n\t\t\t\t\t<div class=\"e-con-inner\">\n\t\t\t\t<div class=\"elementor-element elementor-element-a94f1fa elementor-widget elementor-widget-heading\" data-id=\"a94f1fa\" data-element_type=\"widget\" data-widget_type=\"heading.default\">\n\t\t\t\t<div class=\"elementor-widget-container\">\n\t\t\t\t\t<h2 class=\"elementor-heading-title elementor-size-default\">Beugen Sie Zahnverschlei\u00df vor mit dem Re-mind<\/h2>\t\t\t\t<\/div>\n\t\t\t\t<\/div>\n\t\t\t\t\t<\/div>\n\t\t\t\t<\/div>\n\t\t<div class=\"elementor-element elementor-element-7941b47 e-flex e-con-boxed e-con e-parent\" data-id=\"7941b47\" data-element_type=\"container\">\n\t\t\t\t\t<div class=\"e-con-inner\">\n\t\t\t\t<div class=\"elementor-element elementor-element-2f94302 elementor-widget elementor-widget-text-editor\" data-id=\"2f94302\" data-element_type=\"widget\" data-widget_type=\"text-editor.default\">\n\t\t\t\t<div class=\"elementor-widget-container\">\n\t\t\t\t\t\t\t\t\t<div class=\"react-scroll-to-bottom--css-totig-1n7m0yu\"><div class=\"flex flex-col pb-9 text-sm\"><div class=\"w-full text-token-text-primary sm:AIPRM__conversation__response\" data-testid=\"conversation-turn-7\"><div class=\"px-4 py-2 justify-center text-base md:gap-6 m-auto\"><div class=\"flex flex-1 text-base mx-auto gap-3 md:px-5 lg:px-1 xl:px-5 md:max-w-3xl lg:max-w-[40rem] xl:max-w-[48rem] group final-completion\"><div class=\"relative flex w-full flex-col lg:w-[calc(100%-115px)] agent-turn\"><div class=\"flex-col gap-1 md:gap-3\"><div class=\"flex flex-grow flex-col max-w-full\"><div class=\"min-h-[20px] text-message flex flex-col items-start gap-3 whitespace-pre-wrap break-words [.text-message+&amp;]:mt-5 overflow-x-auto\" data-message-author-role=\"assistant\" data-message-id=\"360ecf9e-47ea-479b-a63e-15f75ffccca5\"><div class=\"markdown prose w-full break-words dark:prose-invert light\"><p>Z\u00e4hneknirschen: Eine Angewohnheit, die von vielen unbemerkt bleibt, aber eine ernsthafte Gefahr f\u00fcr Z\u00e4hne und Backenz\u00e4hne darstellt. Dies kann zu einer erheblichen Abnutzung der Z\u00e4hne und des Zahnschmelzes sowie zu anderen Komplikationen f\u00fchren. Gl\u00fccklicherweise gibt es eine praktische L\u00f6sung, die Ihnen helfen kann, Zahnverschlei\u00df vorzubeugen: den Re-mind. In diesem Artikel erfahren Sie, was Zahnverschlei\u00df ist, wie der Re-mind helfen kann und welche Schritte Sie unternehmen k\u00f6nnen, um sicherzustellen, dass Sie immer l\u00e4cheln k\u00f6nnen.<\/p><p><strong>Was ist Zahnverschlei\u00df?<\/strong><\/p><p>Zahnverschlei\u00df, auch Zahnerosion genannt, ist der Prozess, bei dem der Zahnschmelz nach und nach abgenutzt wird. Dies kann auf verschiedene Faktoren zur\u00fcckzuf\u00fchren sein, darunter s\u00e4urehaltige Lebensmittel, schlechte Mundhygiene und Z\u00e4hneknirschen. Z\u00e4hneknirschen ist besonders heimt\u00fcckisch, da es h\u00e4ufig im Schlaf geschieht, oft ohne dass wir uns dessen bewusst sind. Dies kann auch tags\u00fcber auftreten, ohne dass Sie sich dessen bewusst sind. Dies wird als Wachbruxismus bezeichnet. Genau hier hilft das Re-Mind. Das st\u00e4ndige Knirschen der Z\u00e4hne kann zu Empfindlichkeit, Verf\u00e4rbungen und sogar Br\u00fcchen f\u00fchren. Unter diesem Begriff sind auch Z\u00e4hneknirschen und Kieferpressen bekannt <a href=\"https:\/\/www.re-mind.care\/bruxism\">Bruxismus<\/a>.<\/p><p><strong>Wie das Re-mind hilft<\/strong><\/p><p>Der Re-mind ist ein intelligentes Ger\u00e4t, das speziell entwickelt wurde, um Zahnverschlei\u00df durch Z\u00e4hneknirschen vorzubeugen. Doch wie genau funktioniert das?<\/p><p><strong>1. Bewusstsein:<\/strong> Der Re-mind erinnert Sie daran, Ihre Kiefermuskeln zu entspannen. Das erweiterte Programm sendet regelm\u00e4\u00dfig sanfte Vibrationen aus, um Sie auf das Z\u00e4hneknirschen aufmerksam zu machen. Dieser Bewusstseinsprozess ist unerl\u00e4sslich, um die Gewohnheit aufzugeben.<\/p><p><strong>2. Verschlei\u00dfschutz:<\/strong> Durch die Reduzierung des Z\u00e4hneknirschens tr\u00e4gt der Re-mind wirksam dazu bei, den Verschlei\u00df Ihrer Z\u00e4hne zu verhindern. Das Ger\u00e4t ist eigentlich ein Re-Mind und wirkt vorbeugend gegen Verschlei\u00df, denn wenn Sie das Re-Mind regelm\u00e4\u00dfig nutzen, werden Sie mit der Zeit feststellen, dass Sie Ihren Kiefer verspannen und Ihre Z\u00e4hne weniger knirschen.<\/p><p><strong>Tipps zur Vorbeugung von Zahnverschlei\u00df<\/strong><\/p><p>Neben der Anwendung des Re-mind k\u00f6nnen Sie noch weitere Ma\u00dfnahmen ergreifen, um Zahnverschlei\u00df vorzubeugen:<\/p><ul><li><strong>Benutzen Sie Re-mind t\u00e4glich:<\/strong>\u00a0Da Sie das Re-mind t\u00e4glich anwenden, wird dies auch zur Gewohnheit. Und weil Ihnen immer bewusster wird, dass Sie mit den Z\u00e4hnen knirschen oder den Kiefer zusammenbei\u00dfen, werden Sie feststellen, dass Sie dies nach ein paar Wochen weniger tun werden. Aber es gilt durchzuhalten!<\/li><li><strong>Kombinieren Sie mit zahn\u00e4rztlichen Kontrollen:<\/strong> Regelm\u00e4\u00dfige Zahnbehandlung <a href=\"https:\/\/www.allesoverhetgebit.nl\/alles-over-mondgezondheid\/behandelingen\/controle\" target=\"_blank\" rel=\"noopener\">Schecks<\/a> sind lebenswichtig. Ihr Zahnarzt kann Sch\u00e4den fr\u00fchzeitig erkennen und Sie zur richtigen Pflege Ihrer Z\u00e4hne beraten.<\/li><\/ul><p><strong>Benutzererfahrungen<\/strong><\/p><p>Der Re-mind hat bereits vielen Anwendern geholfen, ihren Zahnverschlei\u00df zu reduzieren. Viele Menschen berichten, dass sie seit der Anwendung des Re-mind deutlich weniger mit den Z\u00e4hnen knirschen. Dadurch wurden nicht nur ihre Z\u00e4hne geschont, sondern auch ihr allgemeines Wohlbefinden verbessert. Die gleichen Erfahrungen kamen auch wieder <a href=\"https:\/\/www.re-mind.care\/nl\/onderzoek-gebruik-re-mind-bij-bruxisme\/\">externe Forschung<\/a> zum Re-Mind und Bruxismus.<\/p><p>Wenn Sie also Ihre Z\u00e4hne vor den sch\u00e4dlichen Auswirkungen des Zahnverschlei\u00dfes durch Z\u00e4hneknirschen sch\u00fctzen m\u00f6chten, betrachten Sie Re-mind als Ihren Partner bei der Pr\u00e4vention. Es ist ein innovatives Tool, das das Bewusstsein anregt und Ihnen hilft, Ihr strahlendes L\u00e4cheln zu bewahren. Vertrauen Sie dem Re-mind und genie\u00dfen Sie einen ges\u00fcnderen Mund und ein sch\u00f6neres L\u00e4cheln.<\/p><p><img fetchpriority=\"high\" decoding=\"async\" class=\"alignnone wp-image-54329 size-medium\" title=\"sch\u00f6neres L\u00e4cheln\" src=\"https:\/\/www.re-mind.care\/wp-content\/uploads\/2022\/06\/re-mind_voorjou-300x195.jpeg\" alt=\"\" width=\"300\" height=\"195\" srcset=\"https:\/\/www.re-mind.care\/wp-content\/uploads\/2022\/06\/re-mind_voorjou-300x195.jpeg 300w, https:\/\/www.re-mind.care\/wp-content\/uploads\/2022\/06\/re-mind_voorjou-313x203.jpeg 313w, https:\/\/www.re-mind.care\/wp-content\/uploads\/2022\/06\/re-mind_voorjou.jpeg 459w\" sizes=\"(max-width: 300px) 100vw, 300px\" \/><\/p><\/div><\/div><\/div><div class=\"mt-1 flex justify-start gap-3 empty:hidden\"><div class=\"text-gray-400 flex self-end lg:self-center justify-center lg:justify-start mt-0 -ml-1 visible\"><div class=\"flex\">\u00a0<\/div><div class=\"flex items-center gap-1.5 text-xs\">\u00a0<\/div><\/div><\/div><\/div><\/div><\/div><\/div><\/div><\/div><\/div><div id=\"AIPRM__sidebar-icon\" class=\"AIPRM__p-2 AIPRM__top-12 md:AIPRM__top-2 AIPRM__p-2 AIPRM__items-center AIPRM__transition-colors AIPRM__duration-200 AIPRM__cursor-pointer AIPRM__text-sm AIPRM__rounded-md AIPRM__border AIPRM__bg-white dark:AIPRM__bg-gray-800 AIPRM__border-black\/10 dark:AIPRM__border-white\/20 hover:AIPRM__bg-gray-50 dark:hover:AIPRM__bg-gray-700 AIPRM__cursor-pointer AIPRM__fixed AIPRM__right-4 AIPRM__z-30\" title=\"\u00d6ffnen Sie die AIPRM-Seitenleiste\">\u00a0<\/div>\t\t\t\t\t\t\t\t<\/div>\n\t\t\t\t<\/div>\n\t\t\t\t\t<\/div>\n\t\t\t\t<\/div>\n\t\t\t\t<\/div>","protected":false},"excerpt":{"rendered":"<p>Beugen Sie Zahnverschlei\u00df mit dem Re-mind vor. Z\u00e4hneknirschen: eine Angewohnheit, die von vielen unbemerkt bleibt, aber eine ernsthafte Gefahr f\u00fcr Z\u00e4hne und Backenz\u00e4hne darstellt. Dies kann zu einer erheblichen Abnutzung der Z\u00e4hne und des Zahnschmelzes sowie zu anderen Komplikationen f\u00fchren. Gl\u00fccklicherweise gibt es eine praktische L\u00f6sung, die Ihnen helfen kann, Zahnverschlei\u00df vorzubeugen: den Re-mind. In \u2026<\/p>\n<p class=\"read-more\"> <a class=\"\" href=\"https:\/\/www.re-mind.care\/de\/voorkom-tandenslijtage-met-de-re-mind\/\"> <span class=\"screen-reader-text\">Vorbeugung von Zahnverschlei\u00df durch Z\u00e4hneknirschen mit dem Re-mind<\/span> Erfahren Sie mehr &quot;<\/a><\/p>","protected":false},"author":1,"featured_media":54329,"parent":0,"menu_order":0,"comment_status":"closed","ping_status":"closed","template":"","meta":{"inline_featured_image":false,"site-sidebar-layout":"no-sidebar","site-content-layout":"","ast-site-content-layout":"full-width-container","site-content-style":"default","site-sidebar-style":"default","ast-global-header-display":"","ast-banner-title-visibility":"","ast-main-header-display":"","ast-hfb-above-header-display":"","ast-hfb-below-header-display":"","ast-hfb-mobile-header-display":"","site-post-title":"disabled","ast-breadcrumbs-content":"","ast-featured-img":"disabled","footer-sml-layout":"","theme-transparent-header-meta":"","adv-header-id-meta":"","stick-header-meta":"","header-above-stick-meta":"","header-main-stick-meta":"","header-below-stick-meta":"","astra-migrate-meta-layouts":"","ast-page-background-enabled":"default","ast-page-background-meta":{"desktop":{"background-color":"var(--ast-global-color-4)","background-image":"","background-repeat":"repeat","background-position":"center center","background-size":"auto","background-attachment":"scroll","background-type":"","background-media":"","overlay-type":"","overlay-color":"","overlay-gradient":""},"tablet":{"background-color":"","background-image":"","background-repeat":"repeat","background-position":"center center","background-size":"auto","background-attachment":"scroll","background-type":"","background-media":"","overlay-type":"","overlay-color":"","overlay-gradient":""},"mobile":{"background-color":"","background-image":"","background-repeat":"repeat","background-position":"center center","background-size":"auto","background-attachment":"scroll","background-type":"","background-media":"","overlay-type":"","overlay-color":"","overlay-gradient":""}},"ast-content-background-meta":{"desktop":{"background-color":"var(--ast-global-color-5)","background-image":"","background-repeat":"repeat","background-position":"center center","background-size":"auto","background-attachment":"scroll","background-type":"","background-media":"","overlay-type":"","overlay-color":"","overlay-gradient":""},"tablet":{"background-color":"var(--ast-global-color-5)","background-image":"","background-repeat":"repeat","background-position":"center center","background-size":"auto","background-attachment":"scroll","background-type":"","background-media":"","overlay-type":"","overlay-color":"","overlay-gradient":""},"mobile":{"background-color":"var(--ast-global-color-5)","background-image":"","background-repeat":"repeat","background-position":"center center","background-size":"auto","background-attachment":"scroll","background-type":"","background-media":"","overlay-type":"","overlay-color":"","overlay-gradient":""}},"footnotes":""},"categories":[196],"tags":[],"class_list":["post-66967","page","type-page","status-publish","has-post-thumbnail","hentry","category-blog"],"yoast_head":"<!-- This site is optimized with the Yoast SEO plugin v26.2 - https:\/\/yoast.com\/wordpress\/plugins\/seo\/ -->\n<title>Voorkom tandenslijtage met de Re-mind\u200b<\/title>\n<meta name=\"description\" content=\"Voorkom tandenslijtage met Re-mind: Ontdek hoe dit slimme apparaatje helpt bij het voorkomen van tandenslijtage. Bekijk alle tips!\" \/>\n<meta name=\"robots\" content=\"index, follow, max-snippet:-1, max-image-preview:large, max-video-preview:-1\" \/>\n<link rel=\"canonical\" href=\"https:\/\/www.re-mind.care\/de\/voorkom-tandenslijtage-met-de-re-mind\/\" \/>\n<meta property=\"og:locale\" content=\"de_DE\" \/>\n<meta property=\"og:type\" content=\"article\" \/>\n<meta property=\"og:title\" content=\"Voorkom tandenslijtage met de Re-mind\u200b\" \/>\n<meta property=\"og:description\" content=\"Voorkom tandenslijtage met Re-mind: Ontdek hoe dit slimme apparaatje helpt bij het voorkomen van tandenslijtage. Bekijk alle tips!\" \/>\n<meta property=\"og:url\" content=\"https:\/\/www.re-mind.care\/de\/voorkom-tandenslijtage-met-de-re-mind\/\" \/>\n<meta property=\"article:modified_time\" content=\"2024-05-15T13:50:15+00:00\" \/>\n<meta property=\"og:image\" content=\"https:\/\/www.re-mind.care\/wp-content\/uploads\/2022\/06\/re-mind_voorjou.jpeg\" \/>\n\t<meta property=\"og:image:width\" content=\"459\" \/>\n\t<meta property=\"og:image:height\" content=\"298\" \/>\n\t<meta property=\"og:image:type\" content=\"image\/jpeg\" \/>\n<meta name=\"twitter:card\" content=\"summary_large_image\" \/>\n<meta name=\"twitter:label1\" content=\"Gesch\u00e4tzte Lesezeit\" \/>\n\t<meta name=\"twitter:data1\" content=\"3\u00a0Minuten\" \/>\n<script type=\"application\/ld+json\" class=\"yoast-schema-graph\">{\"@context\":\"https:\/\/schema.org\",\"@graph\":[{\"@type\":\"WebPage\",\"@id\":\"https:\/\/www.re-mind.care\/voorkom-tandenslijtage-met-de-re-mind\/\",\"url\":\"https:\/\/www.re-mind.care\/voorkom-tandenslijtage-met-de-re-mind\/\",\"name\":\"Voorkom tandenslijtage met de Re-mind\u200b\",\"isPartOf\":{\"@id\":\"https:\/\/www.re-mind.care\/#website\"},\"primaryImageOfPage\":{\"@id\":\"https:\/\/www.re-mind.care\/voorkom-tandenslijtage-met-de-re-mind\/#primaryimage\"},\"image\":{\"@id\":\"https:\/\/www.re-mind.care\/voorkom-tandenslijtage-met-de-re-mind\/#primaryimage\"},\"thumbnailUrl\":\"https:\/\/www.re-mind.care\/wp-content\/uploads\/2022\/06\/re-mind_voorjou.jpeg\",\"datePublished\":\"2024-01-22T10:58:10+00:00\",\"dateModified\":\"2024-05-15T13:50:15+00:00\",\"description\":\"Voorkom tandenslijtage met Re-mind: Ontdek hoe dit slimme apparaatje helpt bij het voorkomen van tandenslijtage. Bekijk alle tips!\",\"breadcrumb\":{\"@id\":\"https:\/\/www.re-mind.care\/voorkom-tandenslijtage-met-de-re-mind\/#breadcrumb\"},\"inLanguage\":\"de\",\"potentialAction\":[{\"@type\":\"ReadAction\",\"target\":[\"https:\/\/www.re-mind.care\/voorkom-tandenslijtage-met-de-re-mind\/\"]}]},{\"@type\":\"ImageObject\",\"inLanguage\":\"de\",\"@id\":\"https:\/\/www.re-mind.care\/voorkom-tandenslijtage-met-de-re-mind\/#primaryimage\",\"url\":\"https:\/\/www.re-mind.care\/wp-content\/uploads\/2022\/06\/re-mind_voorjou.jpeg\",\"contentUrl\":\"https:\/\/www.re-mind.care\/wp-content\/uploads\/2022\/06\/re-mind_voorjou.jpeg\",\"width\":459,\"height\":298},{\"@type\":\"BreadcrumbList\",\"@id\":\"https:\/\/www.re-mind.care\/voorkom-tandenslijtage-met-de-re-mind\/#breadcrumb\",\"itemListElement\":[{\"@type\":\"ListItem\",\"position\":1,\"name\":\"Home\",\"item\":\"https:\/\/www.re-mind.care\/\"},{\"@type\":\"ListItem\",\"position\":2,\"name\":\"Voorkomen van Tandenslijtage door Tandenknarsen met de Re-mind\"}]},{\"@type\":\"WebSite\",\"@id\":\"https:\/\/www.re-mind.care\/#website\",\"url\":\"https:\/\/www.re-mind.care\/\",\"name\":\"\",\"description\":\"\",\"potentialAction\":[{\"@type\":\"SearchAction\",\"target\":{\"@type\":\"EntryPoint\",\"urlTemplate\":\"https:\/\/www.re-mind.care\/?s={search_term_string}\"},\"query-input\":{\"@type\":\"PropertyValueSpecification\",\"valueRequired\":true,\"valueName\":\"search_term_string\"}}],\"inLanguage\":\"de\"}]}<\/script>\n<!-- \/ Yoast SEO plugin. -->","yoast_head_json":{"title":"Beugen Sie Zahnverschlei\u00df vor mit dem Re-mind\u200b","description":"Zahnabnutzung vorbeugen mit Re-mind: Entdecken Sie, wie dieses intelligente Ger\u00e4t dabei hilft, Zahnabnutzung vorzubeugen. Alle Tipps ansehen!","robots":{"index":"index","follow":"follow","max-snippet":"max-snippet:-1","max-image-preview":"max-image-preview:large","max-video-preview":"max-video-preview:-1"},"canonical":"https:\/\/www.re-mind.care\/de\/voorkom-tandenslijtage-met-de-re-mind\/","og_locale":"de_DE","og_type":"article","og_title":"Voorkom tandenslijtage met de Re-mind\u200b","og_description":"Voorkom tandenslijtage met Re-mind: Ontdek hoe dit slimme apparaatje helpt bij het voorkomen van tandenslijtage. Bekijk alle tips!","og_url":"https:\/\/www.re-mind.care\/de\/voorkom-tandenslijtage-met-de-re-mind\/","article_modified_time":"2024-05-15T13:50:15+00:00","og_image":[{"width":459,"height":298,"url":"https:\/\/www.re-mind.care\/wp-content\/uploads\/2022\/06\/re-mind_voorjou.jpeg","type":"image\/jpeg"}],"twitter_card":"summary_large_image","twitter_misc":{"Gesch\u00e4tzte Lesezeit":"3\u00a0Minuten"},"schema":{"@context":"https:\/\/schema.org","@graph":[{"@type":"WebPage","@id":"https:\/\/www.re-mind.care\/voorkom-tandenslijtage-met-de-re-mind\/","url":"https:\/\/www.re-mind.care\/voorkom-tandenslijtage-met-de-re-mind\/","name":"Beugen Sie Zahnverschlei\u00df vor mit dem Re-mind\u200b","isPartOf":{"@id":"https:\/\/www.re-mind.care\/#website"},"primaryImageOfPage":{"@id":"https:\/\/www.re-mind.care\/voorkom-tandenslijtage-met-de-re-mind\/#primaryimage"},"image":{"@id":"https:\/\/www.re-mind.care\/voorkom-tandenslijtage-met-de-re-mind\/#primaryimage"},"thumbnailUrl":"https:\/\/www.re-mind.care\/wp-content\/uploads\/2022\/06\/re-mind_voorjou.jpeg","datePublished":"2024-01-22T10:58:10+00:00","dateModified":"2024-05-15T13:50:15+00:00","description":"Zahnabnutzung vorbeugen mit Re-mind: Entdecken Sie, wie dieses intelligente Ger\u00e4t dabei hilft, Zahnabnutzung vorzubeugen. Alle Tipps ansehen!","breadcrumb":{"@id":"https:\/\/www.re-mind.care\/voorkom-tandenslijtage-met-de-re-mind\/#breadcrumb"},"inLanguage":"de","potentialAction":[{"@type":"ReadAction","target":["https:\/\/www.re-mind.care\/voorkom-tandenslijtage-met-de-re-mind\/"]}]},{"@type":"ImageObject","inLanguage":"de","@id":"https:\/\/www.re-mind.care\/voorkom-tandenslijtage-met-de-re-mind\/#primaryimage","url":"https:\/\/www.re-mind.care\/wp-content\/uploads\/2022\/06\/re-mind_voorjou.jpeg","contentUrl":"https:\/\/www.re-mind.care\/wp-content\/uploads\/2022\/06\/re-mind_voorjou.jpeg","width":459,"height":298},{"@type":"BreadcrumbList","@id":"https:\/\/www.re-mind.care\/voorkom-tandenslijtage-met-de-re-mind\/#breadcrumb","itemListElement":[{"@type":"ListItem","position":1,"name":"Home","item":"https:\/\/www.re-mind.care\/"},{"@type":"ListItem","position":2,"name":"Voorkomen van Tandenslijtage door Tandenknarsen met de Re-mind"}]},{"@type":"WebSite","@id":"https:\/\/www.re-mind.care\/#website","url":"https:\/\/www.re-mind.care\/","name":"","description":"","potentialAction":[{"@type":"SearchAction","target":{"@type":"EntryPoint","urlTemplate":"https:\/\/www.re-mind.care\/?s={search_term_string}"},"query-input":{"@type":"PropertyValueSpecification","valueRequired":true,"valueName":"search_term_string"}}],"inLanguage":"de"}]}},"_links":{"self":[{"href":"https:\/\/www.re-mind.care\/de\/wp-json\/wp\/v2\/pages\/66967","targetHints":{"allow":["GET"]}}],"collection":[{"href":"https:\/\/www.re-mind.care\/de\/wp-json\/wp\/v2\/pages"}],"about":[{"href":"https:\/\/www.re-mind.care\/de\/wp-json\/wp\/v2\/types\/page"}],"author":[{"embeddable":true,"href":"https:\/\/www.re-mind.care\/de\/wp-json\/wp\/v2\/users\/1"}],"replies":[{"embeddable":true,"href":"https:\/\/www.re-mind.care\/de\/wp-json\/wp\/v2\/comments?post=66967"}],"version-history":[{"count":27,"href":"https:\/\/www.re-mind.care\/de\/wp-json\/wp\/v2\/pages\/66967\/revisions"}],"predecessor-version":[{"id":68821,"href":"https:\/\/www.re-mind.care\/de\/wp-json\/wp\/v2\/pages\/66967\/revisions\/68821"}],"wp:featuredmedia":[{"embeddable":true,"href":"https:\/\/www.re-mind.care\/de\/wp-json\/wp\/v2\/media\/54329"}],"wp:attachment":[{"href":"https:\/\/www.re-mind.care\/de\/wp-json\/wp\/v2\/media?parent=66967"}],"wp:term":[{"taxonomy":"category","embeddable":true,"href":"https:\/\/www.re-mind.care\/de\/wp-json\/wp\/v2\/categories?post=66967"},{"taxonomy":"post_tag","embeddable":true,"href":"https:\/\/www.re-mind.care\/de\/wp-json\/wp\/v2\/tags?post=66967"}],"curies":[{"name":"wp","href":"https:\/\/api.w.org\/{rel}","templated":true}]}}