{"id":68879,"date":"2020-11-15T14:57:31","date_gmt":"2020-11-15T14:57:31","guid":{"rendered":"https:\/\/www.re-mind.care\/?page_id=68879"},"modified":"2024-05-17T07:45:55","modified_gmt":"2024-05-17T07:45:55","slug":"isabel-soares","status":"publish","type":"page","link":"https:\/\/www.re-mind.care\/de\/isabel-soares\/","title":{"rendered":"Isabel Soares"},"content":{"rendered":"<div data-elementor-type=\"wp-page\" data-elementor-id=\"68879\" class=\"elementor elementor-68879\" data-elementor-post-type=\"page\">\n\t\t\t\t<div class=\"elementor-element elementor-element-259b91b e-flex e-con-boxed e-con e-parent\" data-id=\"259b91b\" data-element_type=\"container\">\n\t\t\t\t\t<div class=\"e-con-inner\">\n\t\t<div class=\"elementor-element elementor-element-21a4eef e-con-full e-flex e-con e-child\" data-id=\"21a4eef\" data-element_type=\"container\">\n\t\t\t\t<div class=\"elementor-element elementor-element-29f59a5 elementor-widget elementor-widget-heading\" data-id=\"29f59a5\" data-element_type=\"widget\" data-widget_type=\"heading.default\">\n\t\t\t\t<div class=\"elementor-widget-container\">\n\t\t\t\t\t<h2 class=\"elementor-heading-title elementor-size-default\">\u201eEin guter Anker\u201c<\/h2>\t\t\t\t<\/div>\n\t\t\t\t<\/div>\n\t\t\t\t<div class=\"elementor-element elementor-element-fe62e9e elementor-widget elementor-widget-text-editor\" data-id=\"fe62e9e\" data-element_type=\"widget\" data-widget_type=\"text-editor.default\">\n\t\t\t\t<div class=\"elementor-widget-container\">\n\t\t\t\t\t\t\t\t\t<div class=\"module module-text tb_tcte178\"><div class=\"tb_text_wrap\"><p>Die Psychologin Isabel Soares \u00fcber das re-mind<\/p><\/div><\/div>\t\t\t\t\t\t\t\t<\/div>\n\t\t\t\t<\/div>\n\t\t\t\t<div class=\"elementor-element elementor-element-a4324cf elementor-widget elementor-widget-text-editor\" data-id=\"a4324cf\" data-element_type=\"widget\" data-widget_type=\"text-editor.default\">\n\t\t\t\t<div class=\"elementor-widget-container\">\n\t\t\t\t\t\t\t\t\t<p class=\"p1\">Der Re-mind ist ein guter Anker beim Erlernen neuer Verhaltensweisen oder neuer F\u00e4higkeiten. Es gibt dir einfach einen Schub, einen kleinen Impuls. Der Re-mind ist f\u00fcr diesen Zweck \u00e4u\u00dferst effektiv.<\/p><p class=\"p1\">Es ist besonders wirksam zu Beginn der Behandlung. Wenn das neue Verhalten noch nicht automatisiert wurde. Mit der Zeit l\u00e4sst die Neuheit des Re-mind nach und es funktioniert weniger gut. Dann rate ich den Leuten, es f\u00fcr eine Weile wegzulegen und es sp\u00e4ter wieder zu verwenden.<\/p><p class=\"p1\">Ich behandle viele Menschen mit Burnout, Stress oder \u00c4ngsten. Wenn der Re-Geist vibriert, sollten sie stillstehen, wenn auch nur f\u00fcr ein paar Sekunden. Dann m\u00fcssen sie mit dem Laufen aufh\u00f6ren, kurz Kontakt zu sich selbst aufnehmen oder ihre Haltung \u00e4ndern. Es geht um eine kleine Verschnaufpause.<\/p><p class=\"p1\">Der Re-Mind funktioniert nur, wenn Menschen motiviert sind, etwas zu \u00e4ndern. Grunds\u00e4tzlich m\u00fcssen sie \u00fcber diese Motivation und Disziplin verf\u00fcgen. Sie m\u00fcssen bereit sein, wirklich etwas gegen Ihre Beschwerden zu unternehmen. Dann ist der Re-mind ein sehr einfaches und erfrischendes Ger\u00e4t. Sie m\u00fcssen selbst nichts aktiv tun.<\/p><p class=\"p1\">Als Therapeuten sind wir immer auf der Suche nach Werkzeugen f\u00fcr unsere Behandlungen und der Re-mind passt perfekt dazu.<\/p>\t\t\t\t\t\t\t\t<\/div>\n\t\t\t\t<\/div>\n\t\t\t\t<\/div>\n\t\t<div class=\"elementor-element elementor-element-b3bf467 e-con-full e-flex e-con e-child\" data-id=\"b3bf467\" data-element_type=\"container\">\n\t\t\t\t<div class=\"elementor-element elementor-element-ca2e62f elementor-widget elementor-widget-image\" data-id=\"ca2e62f\" data-element_type=\"widget\" data-widget_type=\"image.default\">\n\t\t\t\t<div class=\"elementor-widget-container\">\n\t\t\t\t\t\t\t\t\t\t\t\t\t\t\t<img decoding=\"async\" width=\"210\" height=\"210\" src=\"https:\/\/www.re-mind.care\/wp-content\/uploads\/2023\/12\/re-mind-professional-isabel-soares.jpg\" class=\"attachment-full size-full wp-image-66090\" alt=\"\" srcset=\"https:\/\/www.re-mind.care\/wp-content\/uploads\/2023\/12\/re-mind-professional-isabel-soares.jpg.webp 210w, https:\/\/www.re-mind.care\/wp-content\/uploads\/2023\/12\/re-mind-professional-isabel-soares-150x150.jpg.webp 150w, https:\/\/www.re-mind.care\/wp-content\/uploads\/2023\/12\/re-mind-professional-isabel-soares-12x12.jpg.webp 12w, https:\/\/www.re-mind.care\/wp-content\/uploads\/2023\/12\/re-mind-professional-isabel-soares-100x100.jpg.webp 100w\" sizes=\"(max-width: 210px) 100vw, 210px\" \/>\t\t\t\t\t\t\t\t\t\t\t\t\t\t\t<\/div>\n\t\t\t\t<\/div>\n\t\t\t\t<div class=\"elementor-element elementor-element-e4e0538 elementor-widget elementor-widget-text-editor\" data-id=\"e4e0538\" data-element_type=\"widget\" data-widget_type=\"text-editor.default\">\n\t\t\t\t<div class=\"elementor-widget-container\">\n\t\t\t\t\t\t\t\t\t<h3 class=\"image-title\">Isabel Soares<\/h3>\t\t\t\t\t\t\t\t<\/div>\n\t\t\t\t<\/div>\n\t\t\t\t<div class=\"elementor-element elementor-element-4990987 elementor-widget elementor-widget-text-editor\" data-id=\"4990987\" data-element_type=\"widget\" data-widget_type=\"text-editor.default\">\n\t\t\t\t<div class=\"elementor-widget-container\">\n\t\t\t\t\t\t\t\t\t<p>Psychologe<\/p>\t\t\t\t\t\t\t\t<\/div>\n\t\t\t\t<\/div>\n\t\t\t\t<\/div>\n\t\t\t\t\t<\/div>\n\t\t\t\t<\/div>\n\t\t<div class=\"elementor-element elementor-element-559f510 e-flex e-con-boxed e-con e-parent\" data-id=\"559f510\" data-element_type=\"container\">\n\t\t\t\t\t<div class=\"e-con-inner\">\n\t\t\t\t<div class=\"elementor-element elementor-element-b93e1bf elementor-widget-divider--view-line elementor-widget elementor-widget-divider\" data-id=\"b93e1bf\" data-element_type=\"widget\" data-widget_type=\"divider.default\">\n\t\t\t\t<div class=\"elementor-widget-container\">\n\t\t\t\t\t\t\t<div class=\"elementor-divider\">\n\t\t\t<span class=\"elementor-divider-separator\">\n\t\t\t\t\t\t<\/span>\n\t\t<\/div>\n\t\t\t\t\t\t<\/div>\n\t\t\t\t<\/div>\n\t\t\t\t\t<\/div>\n\t\t\t\t<\/div>\n\t\t<div class=\"elementor-element elementor-element-508e3ab e-flex e-con-boxed e-con e-parent\" data-id=\"508e3ab\" data-element_type=\"container\">\n\t\t\t\t\t<div class=\"e-con-inner\">\n\t\t<div class=\"elementor-element elementor-element-daf45fa e-flex e-con-boxed e-con e-child\" data-id=\"daf45fa\" data-element_type=\"container\">\n\t\t\t\t\t<div class=\"e-con-inner\">\n\t\t\t\t<div class=\"elementor-element elementor-element-0e8a350 elementor-widget elementor-widget-heading\" data-id=\"0e8a350\" data-element_type=\"widget\" data-widget_type=\"heading.default\">\n\t\t\t\t<div class=\"elementor-widget-container\">\n\t\t\t\t\t<h2 class=\"elementor-heading-title elementor-size-default\">Profis \u00fcber das Umdenken<\/h2>\t\t\t\t<\/div>\n\t\t\t\t<\/div>\n\t\t\t\t<div class=\"elementor-element elementor-element-6487476 elementor-grid-3 elementor-grid-tablet-2 elementor-grid-mobile-1 elementor-posts--thumbnail-top load-more-align-center elementor-widget elementor-widget-posts\" data-id=\"6487476\" data-element_type=\"widget\" data-settings=\"{&quot;pagination_type&quot;:&quot;load_more_on_click&quot;,&quot;classic_columns&quot;:&quot;3&quot;,&quot;classic_columns_tablet&quot;:&quot;2&quot;,&quot;classic_columns_mobile&quot;:&quot;1&quot;,&quot;classic_row_gap&quot;:{&quot;unit&quot;:&quot;px&quot;,&quot;size&quot;:35,&quot;sizes&quot;:[]},&quot;classic_row_gap_tablet&quot;:{&quot;unit&quot;:&quot;px&quot;,&quot;size&quot;:&quot;&quot;,&quot;sizes&quot;:[]},&quot;classic_row_gap_mobile&quot;:{&quot;unit&quot;:&quot;px&quot;,&quot;size&quot;:&quot;&quot;,&quot;sizes&quot;:[]},&quot;load_more_spinner&quot;:{&quot;value&quot;:&quot;fas fa-spinner&quot;,&quot;library&quot;:&quot;fa-solid&quot;}}\" data-widget_type=\"posts.classic\">\n\t\t\t\t<div class=\"elementor-widget-container\">\n\t\t\t\t\t\t\t<div class=\"elementor-posts-container elementor-posts elementor-posts--skin-classic elementor-grid\" role=\"list\">\n\t\t\t\t<article class=\"elementor-post elementor-grid-item post-78944 page type-page status-publish has-post-thumbnail hentry category-professional-reviews\" role=\"listitem\">\n\t\t\t\t<a class=\"elementor-post__thumbnail__link\" href=\"https:\/\/www.re-mind.care\/de\/mark-ten-seldam\/\" tabindex=\"-1\" >\n\t\t\t<div class=\"elementor-post__thumbnail\"><img fetchpriority=\"high\" decoding=\"async\" width=\"300\" height=\"225\" src=\"https:\/\/www.re-mind.care\/wp-content\/uploads\/2025\/10\/Mark-Large-300x225.jpeg\" class=\"attachment-medium size-medium wp-image-78959\" alt=\"\" srcset=\"https:\/\/www.re-mind.care\/wp-content\/uploads\/2025\/10\/Mark-Large-300x225.jpeg 300w, https:\/\/www.re-mind.care\/wp-content\/uploads\/2025\/10\/Mark-Large-1024x768.jpeg 1024w, https:\/\/www.re-mind.care\/wp-content\/uploads\/2025\/10\/Mark-Large-768x576.jpeg 768w, https:\/\/www.re-mind.care\/wp-content\/uploads\/2025\/10\/Mark-Large-16x12.jpeg 16w, https:\/\/www.re-mind.care\/wp-content\/uploads\/2025\/10\/Mark-Large-313x235.jpeg 313w, https:\/\/www.re-mind.care\/wp-content\/uploads\/2025\/10\/Mark-Large.jpeg 1280w\" sizes=\"(max-width: 300px) 100vw, 300px\" \/><\/div>\n\t\t<\/a>\n\t\t\t\t<div class=\"elementor-post__text\">\n\t\t\t\t<h3 class=\"elementor-post__title\">\n\t\t\t<a href=\"https:\/\/www.re-mind.care\/de\/mark-ten-seldam\/\" >\n\t\t\t\tMark ten Seldam\t\t\t<\/a>\n\t\t<\/h3>\n\t\t\t\t<div class=\"elementor-post__meta-data\">\n\t\t\t\t\t<span class=\"elementor-post-date\">\n\t\t\t17. September 2025\t\t<\/span>\n\t\t\t\t<\/div>\n\t\t\t\t<div class=\"elementor-post__excerpt\">\n\t\t\t<p>\u201cAlte Gewohnheiten sind so tief in mir verwurzelt\u201d Psychosomatischer Physiotherapeut Mark ten Seldam \u00fcber das re-mind Ich arbeite als Physiotherapeut und Coach und bin vom Re-mind begeistert. Ich benutze den Re-mind selbst und empfehle ihn auch meinen Patienten und Coachees. Alte Gewohnheiten sind bei mir so tief verwurzelt,<\/p>\n\t\t<\/div>\n\t\t\n\t\t<a class=\"elementor-post__read-more\" href=\"https:\/\/www.re-mind.care\/de\/mark-ten-seldam\/\" aria-label=\"Mehr \u00fcber Mark ten Seldam\" tabindex=\"-1\" >\n\t\t\tMehr lesen &quot;\t\t<\/a>\n\n\t\t\t\t<\/div>\n\t\t\t\t<\/article>\n\t\t\t\t<article class=\"elementor-post elementor-grid-item post-78935 page type-page status-publish has-post-thumbnail hentry category-professional-reviews\" role=\"listitem\">\n\t\t\t\t<a class=\"elementor-post__thumbnail__link\" href=\"https:\/\/www.re-mind.care\/de\/maartje-de-jong\/\" tabindex=\"-1\" >\n\t\t\t<div class=\"elementor-post__thumbnail\"><img decoding=\"async\" width=\"200\" height=\"300\" src=\"https:\/\/www.re-mind.care\/wp-content\/uploads\/2025\/10\/NC-DESIGNSTUDIO-8-200x300.jpeg\" class=\"attachment-medium size-medium wp-image-78937\" alt=\"\" srcset=\"https:\/\/www.re-mind.care\/wp-content\/uploads\/2025\/10\/NC-DESIGNSTUDIO-8-200x300.jpeg 200w, https:\/\/www.re-mind.care\/wp-content\/uploads\/2025\/10\/NC-DESIGNSTUDIO-8-682x1024.jpeg 682w, https:\/\/www.re-mind.care\/wp-content\/uploads\/2025\/10\/NC-DESIGNSTUDIO-8-768x1152.jpeg 768w, https:\/\/www.re-mind.care\/wp-content\/uploads\/2025\/10\/NC-DESIGNSTUDIO-8-8x12.jpeg 8w, https:\/\/www.re-mind.care\/wp-content\/uploads\/2025\/10\/NC-DESIGNSTUDIO-8-313x470.jpeg 313w, https:\/\/www.re-mind.care\/wp-content\/uploads\/2025\/10\/NC-DESIGNSTUDIO-8.jpeg 853w\" sizes=\"(max-width: 200px) 100vw, 200px\" \/><\/div>\n\t\t<\/a>\n\t\t\t\t<div class=\"elementor-post__text\">\n\t\t\t\t<h3 class=\"elementor-post__title\">\n\t\t\t<a href=\"https:\/\/www.re-mind.care\/de\/maartje-de-jong\/\" >\n\t\t\t\tMaartje de Jong\t\t\t<\/a>\n\t\t<\/h3>\n\t\t\t\t<div class=\"elementor-post__meta-data\">\n\t\t\t\t\t<span class=\"elementor-post-date\">\n\t\t\t16. September 2025\t\t<\/span>\n\t\t\t\t<\/div>\n\t\t\t\t<div class=\"elementor-post__excerpt\">\n\t\t\t<p>\u201cNiederschwellig und praktisch in der Anwendung\u201d Bewegungstherapeutin Maartje de Jong \u00fcber das re-mind The Re-mind verwende ich regelm\u00e4\u00dfig in der Praxis und leihe es auch oft an Patienten aus. Es ist ein einfaches, aber sehr effektives Werkzeug, das als Unterst\u00fctzung dient, um sich seiner selbst bewusster zu werden.<\/p>\n\t\t<\/div>\n\t\t\n\t\t<a class=\"elementor-post__read-more\" href=\"https:\/\/www.re-mind.care\/de\/maartje-de-jong\/\" aria-label=\"Mehr \u00fcber Maartje de Jong\" tabindex=\"-1\" >\n\t\t\tMehr lesen &quot;\t\t<\/a>\n\n\t\t\t\t<\/div>\n\t\t\t\t<\/article>\n\t\t\t\t<article class=\"elementor-post elementor-grid-item post-78925 page type-page status-publish has-post-thumbnail hentry category-professional-reviews\" role=\"listitem\">\n\t\t\t\t<a class=\"elementor-post__thumbnail__link\" href=\"https:\/\/www.re-mind.care\/de\/ellen-engwerda-van-sambeeck\/\" tabindex=\"-1\" >\n\t\t\t<div class=\"elementor-post__thumbnail\"><img loading=\"lazy\" decoding=\"async\" width=\"199\" height=\"300\" src=\"https:\/\/www.re-mind.care\/wp-content\/uploads\/2025\/10\/DSC_0120_edited-199x300.webp\" class=\"attachment-medium size-medium wp-image-78927\" alt=\"\" srcset=\"https:\/\/www.re-mind.care\/wp-content\/uploads\/2025\/10\/DSC_0120_edited-199x300.webp 199w, https:\/\/www.re-mind.care\/wp-content\/uploads\/2025\/10\/DSC_0120_edited-8x12.webp 8w, https:\/\/www.re-mind.care\/wp-content\/uploads\/2025\/10\/DSC_0120_edited-313x471.webp 313w, https:\/\/www.re-mind.care\/wp-content\/uploads\/2025\/10\/DSC_0120_edited.webp 326w\" sizes=\"(max-width: 199px) 100vw, 199px\" \/><\/div>\n\t\t<\/a>\n\t\t\t\t<div class=\"elementor-post__text\">\n\t\t\t\t<h3 class=\"elementor-post__title\">\n\t\t\t<a href=\"https:\/\/www.re-mind.care\/de\/ellen-engwerda-van-sambeeck\/\" >\n\t\t\t\tEllen Engwerda - van Sambeeck\t\t\t<\/a>\n\t\t<\/h3>\n\t\t\t\t<div class=\"elementor-post__meta-data\">\n\t\t\t\t\t<span class=\"elementor-post-date\">\n\t\t\t8. September 2025\t\t<\/span>\n\t\t\t\t<\/div>\n\t\t\t\t<div class=\"elementor-post__excerpt\">\n\t\t\t<p>\u201cDer Re-mind bietet eine L\u00f6sung!\u201d Logop\u00e4din Ellen Engwerda \u00fcber den re-mind Einsatz des Re-mind in unserer logop\u00e4dischen Praxis In unserer logop\u00e4dischen Praxis in Hilvarenbeek machen wir ausgiebig Gebrauch vom Re-mind, um die korrekten Mund- und Atemgewohnheiten zu automatisieren. Sowohl f\u00fcr Kinder als auch f\u00fcr Erwachsene ist es oft eine Herausforderung, die<\/p>\n\t\t<\/div>\n\t\t\n\t\t<a class=\"elementor-post__read-more\" href=\"https:\/\/www.re-mind.care\/de\/ellen-engwerda-van-sambeeck\/\" aria-label=\"Mehr \u00fcber Ellen Engwerda - van Sambeeck\" tabindex=\"-1\" >\n\t\t\tMehr lesen &quot;\t\t<\/a>\n\n\t\t\t\t<\/div>\n\t\t\t\t<\/article>\n\t\t\t\t<\/div>\n\t\t\t\t\t<span class=\"e-load-more-spinner\">\n\t\t\t\t<i aria-hidden=\"true\" class=\"fas fa-spinner\"><\/i>\t\t\t<\/span>\n\t\t\n\t\t\t\t<div class=\"e-load-more-anchor\" data-page=\"1\" data-max-page=\"5\" data-next-page=\"https:\/\/www.re-mind.care\/wp-json\/wp\/v2\/pages\/68879\/page\/2\/\"><\/div>\n\t\t\t\t<div class=\"elementor-button-wrapper\">\n\t\t\t<a href=\"#\" class=\"elementor-button-link elementor-button\" role=\"button\">\n\t\t\t\t\t\t<span class=\"elementor-button-content-wrapper\">\n\t\t\t\t\t\t\t\t\t<span class=\"elementor-button-text\">Mehr<\/span>\n\t\t\t\t\t<\/span>\n\t\t\t\t\t<\/a>\n\t\t<\/div>\n\t\t\t\t<div class=\"e-load-more-message\"><\/div>\n\t\t\t\t\t\t<\/div>\n\t\t\t\t<\/div>\n\t\t\t\t\t<\/div>\n\t\t\t\t<\/div>\n\t\t\t\t\t<\/div>\n\t\t\t\t<\/div>\n\t\t<div class=\"elementor-element elementor-element-8d6facd e-flex e-con-boxed e-con e-parent\" data-id=\"8d6facd\" data-element_type=\"container\">\n\t\t\t\t\t<div class=\"e-con-inner\">\n\t\t<div class=\"elementor-element elementor-element-312ae2f e-con-full e-flex e-con e-child\" data-id=\"312ae2f\" data-element_type=\"container\">\n\t\t\t\t<\/div>\n\t\t<div class=\"elementor-element elementor-element-d14706d e-con-full e-flex e-con e-child\" data-id=\"d14706d\" data-element_type=\"container\">\n\t\t\t\t<\/div>\n\t\t\t\t\t<\/div>\n\t\t\t\t<\/div>\n\t\t\t\t<\/div>","protected":false},"excerpt":{"rendered":"<p>\u201eEin guter Anker\u201c Psychologin Isabel Soares \u00fcber das re-mind Das Re-mind ist ein guter Anker beim Erlernen neuer Verhaltensweisen oder neuer F\u00e4higkeiten. Es gibt dir einfach einen Schub, einen kleinen Impuls. Der Re-mind ist f\u00fcr diesen Zweck \u00e4u\u00dferst effektiv. Es funktioniert besonders zu Beginn einer Behandlung. Wenn das neue Verhalten immer noch ...<\/p>\n<p class=\"read-more\"> <a class=\"\" href=\"https:\/\/www.re-mind.care\/de\/ellen-engwerda-van-sambeeck\/\"> <span class=\"screen-reader-text\">Ellen Engwerda - van Sambeeck<\/span> Erfahren Sie mehr &quot;<\/a><\/p>","protected":false},"author":1,"featured_media":66090,"parent":0,"menu_order":0,"comment_status":"closed","ping_status":"closed","template":"elementor_header_footer","meta":{"inline_featured_image":false,"site-sidebar-layout":"default","site-content-layout":"","ast-site-content-layout":"full-width-container","site-content-style":"unboxed","site-sidebar-style":"default","ast-global-header-display":"","ast-banner-title-visibility":"","ast-main-header-display":"","ast-hfb-above-header-display":"","ast-hfb-below-header-display":"","ast-hfb-mobile-header-display":"","site-post-title":"","ast-breadcrumbs-content":"","ast-featured-img":"","footer-sml-layout":"","theme-transparent-header-meta":"","adv-header-id-meta":"","stick-header-meta":"","header-above-stick-meta":"","header-main-stick-meta":"","header-below-stick-meta":"","astra-migrate-meta-layouts":"","ast-page-background-enabled":"default","ast-page-background-meta":{"desktop":{"background-color":"var(--ast-global-color-4)","background-image":"","background-repeat":"repeat","background-position":"center center","background-size":"auto","background-attachment":"scroll","background-type":"","background-media":"","overlay-type":"","overlay-color":"","overlay-gradient":""},"tablet":{"background-color":"","background-image":"","background-repeat":"repeat","background-position":"center center","background-size":"auto","background-attachment":"scroll","background-type":"","background-media":"","overlay-type":"","overlay-color":"","overlay-gradient":""},"mobile":{"background-color":"","background-image":"","background-repeat":"repeat","background-position":"center center","background-size":"auto","background-attachment":"scroll","background-type":"","background-media":"","overlay-type":"","overlay-color":"","overlay-gradient":""}},"ast-content-background-meta":{"desktop":{"background-color":"var(--ast-global-color-5)","background-image":"","background-repeat":"repeat","background-position":"center center","background-size":"auto","background-attachment":"scroll","background-type":"","background-media":"","overlay-type":"","overlay-color":"","overlay-gradient":""},"tablet":{"background-color":"var(--ast-global-color-5)","background-image":"","background-repeat":"repeat","background-position":"center center","background-size":"auto","background-attachment":"scroll","background-type":"","background-media":"","overlay-type":"","overlay-color":"","overlay-gradient":""},"mobile":{"background-color":"var(--ast-global-color-5)","background-image":"","background-repeat":"repeat","background-position":"center center","background-size":"auto","background-attachment":"scroll","background-type":"","background-media":"","overlay-type":"","overlay-color":"","overlay-gradient":""}},"footnotes":""},"categories":[184],"tags":[],"class_list":["post-68879","page","type-page","status-publish","has-post-thumbnail","hentry","category-professional-reviews"],"yoast_head":"<!-- This site is optimized with the Yoast SEO plugin v26.2 - https:\/\/yoast.com\/wordpress\/plugins\/seo\/ -->\n<title>Isabel Soares -<\/title>\n<meta name=\"robots\" content=\"index, follow, max-snippet:-1, max-image-preview:large, max-video-preview:-1\" \/>\n<link rel=\"canonical\" href=\"https:\/\/www.re-mind.care\/de\/isabel-soares\/\" \/>\n<meta property=\"og:locale\" content=\"de_DE\" \/>\n<meta property=\"og:type\" content=\"article\" \/>\n<meta property=\"og:title\" content=\"Isabel Soares -\" \/>\n<meta property=\"og:description\" content=\"&#8220;Een goed ankertje&#8221; Psycholoog Isabel Soares over de re-mind De Re-mind is een goed ankertje bij het aanleren van nieuw gedrag of nieuwe vaardigheden. Het geeft net even een boost, een kleine impuls. Voor dat doel is de Re-mind uitermate effectief. Het werkt vooral aan het begin van een behandeling. Als het nieuwe gedrag nog &hellip; Ellen Engwerda &#8211; van Sambeeck Weiterlesen &raquo;\" \/>\n<meta property=\"og:url\" content=\"https:\/\/www.re-mind.care\/de\/isabel-soares\/\" \/>\n<meta property=\"article:modified_time\" content=\"2024-05-17T07:45:55+00:00\" \/>\n<meta property=\"og:image\" content=\"https:\/\/www.re-mind.care\/wp-content\/uploads\/2023\/12\/re-mind-professional-isabel-soares.jpg\" \/>\n\t<meta property=\"og:image:width\" content=\"210\" \/>\n\t<meta property=\"og:image:height\" content=\"210\" \/>\n\t<meta property=\"og:image:type\" content=\"image\/jpeg\" \/>\n<meta name=\"twitter:card\" content=\"summary_large_image\" \/>\n<meta name=\"twitter:label1\" content=\"Gesch\u00e4tzte Lesezeit\" \/>\n\t<meta name=\"twitter:data1\" content=\"4\u00a0Minuten\" \/>\n<script type=\"application\/ld+json\" class=\"yoast-schema-graph\">{\"@context\":\"https:\/\/schema.org\",\"@graph\":[{\"@type\":\"WebPage\",\"@id\":\"https:\/\/www.re-mind.care\/isabel-soares\/\",\"url\":\"https:\/\/www.re-mind.care\/isabel-soares\/\",\"name\":\"Isabel Soares -\",\"isPartOf\":{\"@id\":\"https:\/\/www.re-mind.care\/#website\"},\"primaryImageOfPage\":{\"@id\":\"https:\/\/www.re-mind.care\/isabel-soares\/#primaryimage\"},\"image\":{\"@id\":\"https:\/\/www.re-mind.care\/isabel-soares\/#primaryimage\"},\"thumbnailUrl\":\"https:\/\/www.re-mind.care\/wp-content\/uploads\/2023\/12\/re-mind-professional-isabel-soares.jpg\",\"datePublished\":\"2020-11-15T14:57:31+00:00\",\"dateModified\":\"2024-05-17T07:45:55+00:00\",\"breadcrumb\":{\"@id\":\"https:\/\/www.re-mind.care\/isabel-soares\/#breadcrumb\"},\"inLanguage\":\"de\",\"potentialAction\":[{\"@type\":\"ReadAction\",\"target\":[\"https:\/\/www.re-mind.care\/isabel-soares\/\"]}]},{\"@type\":\"ImageObject\",\"inLanguage\":\"de\",\"@id\":\"https:\/\/www.re-mind.care\/isabel-soares\/#primaryimage\",\"url\":\"https:\/\/www.re-mind.care\/wp-content\/uploads\/2023\/12\/re-mind-professional-isabel-soares.jpg\",\"contentUrl\":\"https:\/\/www.re-mind.care\/wp-content\/uploads\/2023\/12\/re-mind-professional-isabel-soares.jpg\",\"width\":210,\"height\":210},{\"@type\":\"BreadcrumbList\",\"@id\":\"https:\/\/www.re-mind.care\/isabel-soares\/#breadcrumb\",\"itemListElement\":[{\"@type\":\"ListItem\",\"position\":1,\"name\":\"Home\",\"item\":\"https:\/\/www.re-mind.care\/\"},{\"@type\":\"ListItem\",\"position\":2,\"name\":\"Isabel Soares\"}]},{\"@type\":\"WebSite\",\"@id\":\"https:\/\/www.re-mind.care\/#website\",\"url\":\"https:\/\/www.re-mind.care\/\",\"name\":\"\",\"description\":\"\",\"potentialAction\":[{\"@type\":\"SearchAction\",\"target\":{\"@type\":\"EntryPoint\",\"urlTemplate\":\"https:\/\/www.re-mind.care\/?s={search_term_string}\"},\"query-input\":{\"@type\":\"PropertyValueSpecification\",\"valueRequired\":true,\"valueName\":\"search_term_string\"}}],\"inLanguage\":\"de\"}]}<\/script>\n<!-- \/ Yoast SEO plugin. -->","yoast_head_json":{"title":"Isabel Soares -","robots":{"index":"index","follow":"follow","max-snippet":"max-snippet:-1","max-image-preview":"max-image-preview:large","max-video-preview":"max-video-preview:-1"},"canonical":"https:\/\/www.re-mind.care\/de\/isabel-soares\/","og_locale":"de_DE","og_type":"article","og_title":"Isabel Soares -","og_description":"&#8220;Een goed ankertje&#8221; Psycholoog Isabel Soares over de re-mind De Re-mind is een goed ankertje bij het aanleren van nieuw gedrag of nieuwe vaardigheden. Het geeft net even een boost, een kleine impuls. Voor dat doel is de Re-mind uitermate effectief. Het werkt vooral aan het begin van een behandeling. Als het nieuwe gedrag nog &hellip; Ellen Engwerda &#8211; van Sambeeck Weiterlesen &raquo;","og_url":"https:\/\/www.re-mind.care\/de\/isabel-soares\/","article_modified_time":"2024-05-17T07:45:55+00:00","og_image":[{"width":210,"height":210,"url":"https:\/\/www.re-mind.care\/wp-content\/uploads\/2023\/12\/re-mind-professional-isabel-soares.jpg","type":"image\/jpeg"}],"twitter_card":"summary_large_image","twitter_misc":{"Gesch\u00e4tzte Lesezeit":"4\u00a0Minuten"},"schema":{"@context":"https:\/\/schema.org","@graph":[{"@type":"WebPage","@id":"https:\/\/www.re-mind.care\/isabel-soares\/","url":"https:\/\/www.re-mind.care\/isabel-soares\/","name":"Isabel Soares -","isPartOf":{"@id":"https:\/\/www.re-mind.care\/#website"},"primaryImageOfPage":{"@id":"https:\/\/www.re-mind.care\/isabel-soares\/#primaryimage"},"image":{"@id":"https:\/\/www.re-mind.care\/isabel-soares\/#primaryimage"},"thumbnailUrl":"https:\/\/www.re-mind.care\/wp-content\/uploads\/2023\/12\/re-mind-professional-isabel-soares.jpg","datePublished":"2020-11-15T14:57:31+00:00","dateModified":"2024-05-17T07:45:55+00:00","breadcrumb":{"@id":"https:\/\/www.re-mind.care\/isabel-soares\/#breadcrumb"},"inLanguage":"de","potentialAction":[{"@type":"ReadAction","target":["https:\/\/www.re-mind.care\/isabel-soares\/"]}]},{"@type":"ImageObject","inLanguage":"de","@id":"https:\/\/www.re-mind.care\/isabel-soares\/#primaryimage","url":"https:\/\/www.re-mind.care\/wp-content\/uploads\/2023\/12\/re-mind-professional-isabel-soares.jpg","contentUrl":"https:\/\/www.re-mind.care\/wp-content\/uploads\/2023\/12\/re-mind-professional-isabel-soares.jpg","width":210,"height":210},{"@type":"BreadcrumbList","@id":"https:\/\/www.re-mind.care\/isabel-soares\/#breadcrumb","itemListElement":[{"@type":"ListItem","position":1,"name":"Home","item":"https:\/\/www.re-mind.care\/"},{"@type":"ListItem","position":2,"name":"Isabel Soares"}]},{"@type":"WebSite","@id":"https:\/\/www.re-mind.care\/#website","url":"https:\/\/www.re-mind.care\/","name":"","description":"","potentialAction":[{"@type":"SearchAction","target":{"@type":"EntryPoint","urlTemplate":"https:\/\/www.re-mind.care\/?s={search_term_string}"},"query-input":{"@type":"PropertyValueSpecification","valueRequired":true,"valueName":"search_term_string"}}],"inLanguage":"de"}]}},"_links":{"self":[{"href":"https:\/\/www.re-mind.care\/de\/wp-json\/wp\/v2\/pages\/68879","targetHints":{"allow":["GET"]}}],"collection":[{"href":"https:\/\/www.re-mind.care\/de\/wp-json\/wp\/v2\/pages"}],"about":[{"href":"https:\/\/www.re-mind.care\/de\/wp-json\/wp\/v2\/types\/page"}],"author":[{"embeddable":true,"href":"https:\/\/www.re-mind.care\/de\/wp-json\/wp\/v2\/users\/1"}],"replies":[{"embeddable":true,"href":"https:\/\/www.re-mind.care\/de\/wp-json\/wp\/v2\/comments?post=68879"}],"version-history":[{"count":4,"href":"https:\/\/www.re-mind.care\/de\/wp-json\/wp\/v2\/pages\/68879\/revisions"}],"predecessor-version":[{"id":68883,"href":"https:\/\/www.re-mind.care\/de\/wp-json\/wp\/v2\/pages\/68879\/revisions\/68883"}],"wp:featuredmedia":[{"embeddable":true,"href":"https:\/\/www.re-mind.care\/de\/wp-json\/wp\/v2\/media\/66090"}],"wp:attachment":[{"href":"https:\/\/www.re-mind.care\/de\/wp-json\/wp\/v2\/media?parent=68879"}],"wp:term":[{"taxonomy":"category","embeddable":true,"href":"https:\/\/www.re-mind.care\/de\/wp-json\/wp\/v2\/categories?post=68879"},{"taxonomy":"post_tag","embeddable":true,"href":"https:\/\/www.re-mind.care\/de\/wp-json\/wp\/v2\/tags?post=68879"}],"curies":[{"name":"wp","href":"https:\/\/api.w.org\/{rel}","templated":true}]}}