{"id":68848,"date":"2022-04-11T14:08:29","date_gmt":"2022-04-11T14:08:29","guid":{"rendered":"https:\/\/www.re-mind.care\/?page_id=68848"},"modified":"2024-05-17T07:45:32","modified_gmt":"2024-05-17T07:45:32","slug":"corine-tiemens","status":"publish","type":"page","link":"https:\/\/www.re-mind.care\/it\/corine-tiemens\/","title":{"rendered":"Corine Tiemens"},"content":{"rendered":"<div data-elementor-type=\"wp-page\" data-elementor-id=\"68848\" class=\"elementor elementor-68848\" data-elementor-post-type=\"page\">\n\t\t\t\t<div class=\"elementor-element elementor-element-259b91b e-flex e-con-boxed e-con e-parent\" data-id=\"259b91b\" data-element_type=\"container\">\n\t\t\t\t\t<div class=\"e-con-inner\">\n\t\t<div class=\"elementor-element elementor-element-21a4eef e-con-full e-flex e-con e-child\" data-id=\"21a4eef\" data-element_type=\"container\">\n\t\t\t\t<div class=\"elementor-element elementor-element-29f59a5 elementor-widget elementor-widget-heading\" data-id=\"29f59a5\" data-element_type=\"widget\" data-widget_type=\"heading.default\">\n\t\t\t\t<div class=\"elementor-widget-container\">\n\t\t\t\t\t<h2 class=\"elementor-heading-title elementor-size-default\">\u201cSentirsi vitali pi\u00f9 a lungo\u201d<\/h2>\t\t\t\t<\/div>\n\t\t\t\t<\/div>\n\t\t\t\t<div class=\"elementor-element elementor-element-fe62e9e elementor-widget elementor-widget-text-editor\" data-id=\"fe62e9e\" data-element_type=\"widget\" data-widget_type=\"text-editor.default\">\n\t\t\t\t<div class=\"elementor-widget-container\">\n\t\t\t\t\t\t\t\t\t<div class=\"module module-text tb_tcte178\"><div class=\"tb_text_wrap\"><p>La terapista manuale della neurologia e della zona riflessa Corine Tiemes parla del re-mind<\/p><\/div><\/div>\t\t\t\t\t\t\t\t<\/div>\n\t\t\t\t<\/div>\n\t\t\t\t<div class=\"elementor-element elementor-element-a4324cf elementor-widget elementor-widget-text-editor\" data-id=\"a4324cf\" data-element_type=\"widget\" data-widget_type=\"text-editor.default\">\n\t\t\t\t<div class=\"elementor-widget-container\">\n\t\t\t\t\t\t\t\t\t<p>\u201c\u00c8 molto semplice: stare seduti per pi\u00f9 di 15 minuti provoca rigidit\u00e0 ai muscoli e alle articolazioni. Quindi devi continuare a muoverti. Tutto il giorno, non solo durante l&#039;ora di allenamento settimanale. Io li chiamo &quot;movimenti coscienti&quot;: piccoli movimenti silenziosi di un&#039;articolazione, eseguiti regolarmente e con attenzione. Basta muovere i glutei, girare avanti e indietro sui piedi: ogni movimento \u00e8 buono. Questo &quot;lubrifica&quot; le articolazioni, per cos\u00ec dire, e migliora la qualit\u00e0 della cartilagine, riducendo o prevenendo cos\u00ec i disturbi. Ti senti semplicemente vitale pi\u00f9 a lungo.<\/p><p>Il promemoria \u00e8 uno strumento utile perch\u00e9 te lo dimentichi tu stesso. Mostro sempre gli apparecchi agli anziani durante le mie lezioni di postura e movimento, dopodich\u00e9 sono loro stessi ad acquistarli. Spesso rispondono con entusiasmo, entusiasta quanto me\u201d.<\/p><p><a href=\"https:\/\/www.praktijktiemens.nl\/\" target=\"_blank\" rel=\"noopener\">www.praktijktiemens.nl<\/a><\/p>\t\t\t\t\t\t\t\t<\/div>\n\t\t\t\t<\/div>\n\t\t\t\t<\/div>\n\t\t<div class=\"elementor-element elementor-element-b3bf467 e-con-full e-flex e-con e-child\" data-id=\"b3bf467\" data-element_type=\"container\">\n\t\t\t\t<div class=\"elementor-element elementor-element-ca2e62f elementor-widget elementor-widget-image\" data-id=\"ca2e62f\" data-element_type=\"widget\" data-widget_type=\"image.default\">\n\t\t\t\t<div class=\"elementor-widget-container\">\n\t\t\t\t\t\t\t\t\t\t\t\t\t\t\t<img fetchpriority=\"high\" decoding=\"async\" width=\"360\" height=\"360\" src=\"https:\/\/www.re-mind.care\/wp-content\/uploads\/2020\/11\/re-mind-gebruiker-360-corine-tiemens.jpg\" class=\"attachment-full size-full wp-image-1743\" alt=\"postura-schiena-collo-spalle-tensione-stress-respirazione-voce-deglutizione-serratura mandibola\" srcset=\"https:\/\/www.re-mind.care\/wp-content\/uploads\/2020\/11\/re-mind-gebruiker-360-corine-tiemens.jpg 360w, https:\/\/www.re-mind.care\/wp-content\/uploads\/2020\/11\/re-mind-gebruiker-360-corine-tiemens-300x300.jpg 300w, https:\/\/www.re-mind.care\/wp-content\/uploads\/2020\/11\/re-mind-gebruiker-360-corine-tiemens-100x100.jpg 100w, https:\/\/www.re-mind.care\/wp-content\/uploads\/2020\/11\/re-mind-gebruiker-360-corine-tiemens-313x313.jpg 313w, https:\/\/www.re-mind.care\/wp-content\/uploads\/2020\/11\/re-mind-gebruiker-360-corine-tiemens-150x150.jpg 150w, https:\/\/www.re-mind.care\/wp-content\/uploads\/2020\/11\/re-mind-gebruiker-360-corine-tiemens-50x50.jpg 50w\" sizes=\"(max-width: 360px) 100vw, 360px\" \/>\t\t\t\t\t\t\t\t\t\t\t\t\t\t\t<\/div>\n\t\t\t\t<\/div>\n\t\t\t\t<div class=\"elementor-element elementor-element-e4e0538 elementor-widget elementor-widget-text-editor\" data-id=\"e4e0538\" data-element_type=\"widget\" data-widget_type=\"text-editor.default\">\n\t\t\t\t<div class=\"elementor-widget-container\">\n\t\t\t\t\t\t\t\t\t<h3 class=\"image-title\">Corine Tiemens<\/h3>\t\t\t\t\t\t\t\t<\/div>\n\t\t\t\t<\/div>\n\t\t\t\t<div class=\"elementor-element elementor-element-4990987 elementor-widget elementor-widget-text-editor\" data-id=\"4990987\" data-element_type=\"widget\" data-widget_type=\"text-editor.default\">\n\t\t\t\t<div class=\"elementor-widget-container\">\n\t\t\t\t\t\t\t\t\t<p>Terapista manuale della neurologia e della zona riflessa<\/p>\t\t\t\t\t\t\t\t<\/div>\n\t\t\t\t<\/div>\n\t\t\t\t<\/div>\n\t\t\t\t\t<\/div>\n\t\t\t\t<\/div>\n\t\t<div class=\"elementor-element elementor-element-559f510 e-flex e-con-boxed e-con e-parent\" data-id=\"559f510\" data-element_type=\"container\">\n\t\t\t\t\t<div class=\"e-con-inner\">\n\t\t\t\t<div class=\"elementor-element elementor-element-b93e1bf elementor-widget-divider--view-line elementor-widget elementor-widget-divider\" data-id=\"b93e1bf\" data-element_type=\"widget\" data-widget_type=\"divider.default\">\n\t\t\t\t<div class=\"elementor-widget-container\">\n\t\t\t\t\t\t\t<div class=\"elementor-divider\">\n\t\t\t<span class=\"elementor-divider-separator\">\n\t\t\t\t\t\t<\/span>\n\t\t<\/div>\n\t\t\t\t\t\t<\/div>\n\t\t\t\t<\/div>\n\t\t\t\t\t<\/div>\n\t\t\t\t<\/div>\n\t\t<div class=\"elementor-element elementor-element-508e3ab e-flex e-con-boxed e-con e-parent\" data-id=\"508e3ab\" data-element_type=\"container\">\n\t\t\t\t\t<div class=\"e-con-inner\">\n\t\t<div class=\"elementor-element elementor-element-daf45fa e-flex e-con-boxed e-con e-child\" data-id=\"daf45fa\" data-element_type=\"container\">\n\t\t\t\t\t<div class=\"e-con-inner\">\n\t\t\t\t<div class=\"elementor-element elementor-element-0e8a350 elementor-widget elementor-widget-heading\" data-id=\"0e8a350\" data-element_type=\"widget\" data-widget_type=\"heading.default\">\n\t\t\t\t<div class=\"elementor-widget-container\">\n\t\t\t\t\t<h2 class=\"elementor-heading-title elementor-size-default\">Professionisti sul ricordo<\/h2>\t\t\t\t<\/div>\n\t\t\t\t<\/div>\n\t\t\t\t<div class=\"elementor-element elementor-element-6487476 elementor-grid-3 elementor-grid-tablet-2 elementor-grid-mobile-1 elementor-posts--thumbnail-top load-more-align-center elementor-widget elementor-widget-posts\" data-id=\"6487476\" data-element_type=\"widget\" data-settings=\"{&quot;pagination_type&quot;:&quot;load_more_on_click&quot;,&quot;classic_columns&quot;:&quot;3&quot;,&quot;classic_columns_tablet&quot;:&quot;2&quot;,&quot;classic_columns_mobile&quot;:&quot;1&quot;,&quot;classic_row_gap&quot;:{&quot;unit&quot;:&quot;px&quot;,&quot;size&quot;:35,&quot;sizes&quot;:[]},&quot;classic_row_gap_tablet&quot;:{&quot;unit&quot;:&quot;px&quot;,&quot;size&quot;:&quot;&quot;,&quot;sizes&quot;:[]},&quot;classic_row_gap_mobile&quot;:{&quot;unit&quot;:&quot;px&quot;,&quot;size&quot;:&quot;&quot;,&quot;sizes&quot;:[]},&quot;load_more_spinner&quot;:{&quot;value&quot;:&quot;fas fa-spinner&quot;,&quot;library&quot;:&quot;fa-solid&quot;}}\" data-widget_type=\"posts.classic\">\n\t\t\t\t<div class=\"elementor-widget-container\">\n\t\t\t\t\t\t\t<div class=\"elementor-posts-container elementor-posts elementor-posts--skin-classic elementor-grid\" role=\"list\">\n\t\t\t\t<article class=\"elementor-post elementor-grid-item post-78944 page type-page status-publish has-post-thumbnail hentry category-professional-reviews\" role=\"listitem\">\n\t\t\t\t<a class=\"elementor-post__thumbnail__link\" href=\"https:\/\/www.re-mind.care\/it\/mark-ten-seldam\/\" tabindex=\"-1\" >\n\t\t\t<div class=\"elementor-post__thumbnail\"><img decoding=\"async\" width=\"300\" height=\"225\" src=\"https:\/\/www.re-mind.care\/wp-content\/uploads\/2025\/10\/Mark-Large-300x225.jpeg\" class=\"attachment-medium size-medium wp-image-78959\" alt=\"\" srcset=\"https:\/\/www.re-mind.care\/wp-content\/uploads\/2025\/10\/Mark-Large-300x225.jpeg 300w, https:\/\/www.re-mind.care\/wp-content\/uploads\/2025\/10\/Mark-Large-1024x768.jpeg 1024w, https:\/\/www.re-mind.care\/wp-content\/uploads\/2025\/10\/Mark-Large-768x576.jpeg 768w, https:\/\/www.re-mind.care\/wp-content\/uploads\/2025\/10\/Mark-Large-16x12.jpeg 16w, https:\/\/www.re-mind.care\/wp-content\/uploads\/2025\/10\/Mark-Large-313x235.jpeg 313w, https:\/\/www.re-mind.care\/wp-content\/uploads\/2025\/10\/Mark-Large.jpeg 1280w\" sizes=\"(max-width: 300px) 100vw, 300px\" \/><\/div>\n\t\t<\/a>\n\t\t\t\t<div class=\"elementor-post__text\">\n\t\t\t\t<h3 class=\"elementor-post__title\">\n\t\t\t<a href=\"https:\/\/www.re-mind.care\/it\/mark-ten-seldam\/\" >\n\t\t\t\tMark ten Seldam\t\t\t<\/a>\n\t\t<\/h3>\n\t\t\t\t<div class=\"elementor-post__meta-data\">\n\t\t\t\t\t<span class=\"elementor-post-date\">\n\t\t\t17 settembre 2025\t\t<\/span>\n\t\t\t\t<\/div>\n\t\t\t\t<div class=\"elementor-post__excerpt\">\n\t\t\t<p>\u201cLe vecchie abitudini sono cos\u00ec radicate in me\u201d Fisioterapista psicosomatico Mark ten Seldam sul re-mind Lavoro come fisioterapista e coach e sono entusiasta del Re-mind. Uso Re-mind personalmente e lo consiglio anche ai miei pazienti e ai miei coachee. Le vecchie abitudini sono cos\u00ec radicate in me,<\/p>\n\t\t<\/div>\n\t\t\n\t\t<a class=\"elementor-post__read-more\" href=\"https:\/\/www.re-mind.care\/it\/mark-ten-seldam\/\" aria-label=\"Leggi tutto Mark ten Seldam\" tabindex=\"-1\" >\n\t\t\tPer saperne di pi\u00f9 &quot;\t\t<\/a>\n\n\t\t\t\t<\/div>\n\t\t\t\t<\/article>\n\t\t\t\t<article class=\"elementor-post elementor-grid-item post-78935 page type-page status-publish has-post-thumbnail hentry category-professional-reviews\" role=\"listitem\">\n\t\t\t\t<a class=\"elementor-post__thumbnail__link\" href=\"https:\/\/www.re-mind.care\/it\/maartje-de-jong\/\" tabindex=\"-1\" >\n\t\t\t<div class=\"elementor-post__thumbnail\"><img decoding=\"async\" width=\"200\" height=\"300\" src=\"https:\/\/www.re-mind.care\/wp-content\/uploads\/2025\/10\/NC-DESIGNSTUDIO-8-200x300.jpeg\" class=\"attachment-medium size-medium wp-image-78937\" alt=\"\" srcset=\"https:\/\/www.re-mind.care\/wp-content\/uploads\/2025\/10\/NC-DESIGNSTUDIO-8-200x300.jpeg 200w, https:\/\/www.re-mind.care\/wp-content\/uploads\/2025\/10\/NC-DESIGNSTUDIO-8-682x1024.jpeg 682w, https:\/\/www.re-mind.care\/wp-content\/uploads\/2025\/10\/NC-DESIGNSTUDIO-8-768x1152.jpeg 768w, https:\/\/www.re-mind.care\/wp-content\/uploads\/2025\/10\/NC-DESIGNSTUDIO-8-8x12.jpeg 8w, https:\/\/www.re-mind.care\/wp-content\/uploads\/2025\/10\/NC-DESIGNSTUDIO-8-313x470.jpeg 313w, https:\/\/www.re-mind.care\/wp-content\/uploads\/2025\/10\/NC-DESIGNSTUDIO-8.jpeg 853w\" sizes=\"(max-width: 200px) 100vw, 200px\" \/><\/div>\n\t\t<\/a>\n\t\t\t\t<div class=\"elementor-post__text\">\n\t\t\t\t<h3 class=\"elementor-post__title\">\n\t\t\t<a href=\"https:\/\/www.re-mind.care\/it\/maartje-de-jong\/\" >\n\t\t\t\tMaartje de Jong\t\t\t<\/a>\n\t\t<\/h3>\n\t\t\t\t<div class=\"elementor-post__meta-data\">\n\t\t\t\t\t<span class=\"elementor-post-date\">\n\t\t\t16 settembre 2025\t\t<\/span>\n\t\t\t\t<\/div>\n\t\t\t\t<div class=\"elementor-post__excerpt\">\n\t\t\t<p>\u201cA bassa soglia e pratico da usare\u201d La terapista dell'esercizio Maartje de Jong ha parlato dell're-mind Il Re-mind lo uso regolarmente nella mia pratica e spesso lo presto anche ai pazienti. \u00c8 uno strumento semplice ma molto efficace, che funge da supporto per diventare pi\u00f9 consapevoli di<\/p>\n\t\t<\/div>\n\t\t\n\t\t<a class=\"elementor-post__read-more\" href=\"https:\/\/www.re-mind.care\/it\/maartje-de-jong\/\" aria-label=\"Leggi tutto Maartje de Jong\" tabindex=\"-1\" >\n\t\t\tPer saperne di pi\u00f9 &quot;\t\t<\/a>\n\n\t\t\t\t<\/div>\n\t\t\t\t<\/article>\n\t\t\t\t<article class=\"elementor-post elementor-grid-item post-78925 page type-page status-publish has-post-thumbnail hentry category-professional-reviews\" role=\"listitem\">\n\t\t\t\t<a class=\"elementor-post__thumbnail__link\" href=\"https:\/\/www.re-mind.care\/it\/ellen-engwerda-van-sambeeck\/\" tabindex=\"-1\" >\n\t\t\t<div class=\"elementor-post__thumbnail\"><img loading=\"lazy\" decoding=\"async\" width=\"199\" height=\"300\" src=\"https:\/\/www.re-mind.care\/wp-content\/uploads\/2025\/10\/DSC_0120_edited-199x300.webp\" class=\"attachment-medium size-medium wp-image-78927\" alt=\"\" srcset=\"https:\/\/www.re-mind.care\/wp-content\/uploads\/2025\/10\/DSC_0120_edited-199x300.webp 199w, https:\/\/www.re-mind.care\/wp-content\/uploads\/2025\/10\/DSC_0120_edited-8x12.webp 8w, https:\/\/www.re-mind.care\/wp-content\/uploads\/2025\/10\/DSC_0120_edited-313x471.webp 313w, https:\/\/www.re-mind.care\/wp-content\/uploads\/2025\/10\/DSC_0120_edited.webp 326w\" sizes=\"(max-width: 199px) 100vw, 199px\" \/><\/div>\n\t\t<\/a>\n\t\t\t\t<div class=\"elementor-post__text\">\n\t\t\t\t<h3 class=\"elementor-post__title\">\n\t\t\t<a href=\"https:\/\/www.re-mind.care\/it\/ellen-engwerda-van-sambeeck\/\" >\n\t\t\t\tEllen Engwerda - van Sambeeck\t\t\t<\/a>\n\t\t<\/h3>\n\t\t\t\t<div class=\"elementor-post__meta-data\">\n\t\t\t\t\t<span class=\"elementor-post-date\">\n\t\t\t8 settembre 2025\t\t<\/span>\n\t\t\t\t<\/div>\n\t\t\t\t<div class=\"elementor-post__excerpt\">\n\t\t\t<p>\u201cLa Re-mind offre una soluzione!\u201d. La logopedista Ellen Engwerda sull'uso di re-mind Re-mind nel nostro studio di logopedia Nel nostro studio di logopedia di prima linea a Hilvarenbeek, facciamo largo uso di Re-mind per automatizzare le corrette abitudini di bocca e respirazione. Sia per i bambini che per gli adulti, spesso \u00e8 una sfida imparare la<\/p>\n\t\t<\/div>\n\t\t\n\t\t<a class=\"elementor-post__read-more\" href=\"https:\/\/www.re-mind.care\/it\/ellen-engwerda-van-sambeeck\/\" aria-label=\"Leggi tutto Ellen Engwerda - van Sambeeck\" tabindex=\"-1\" >\n\t\t\tPer saperne di pi\u00f9 &quot;\t\t<\/a>\n\n\t\t\t\t<\/div>\n\t\t\t\t<\/article>\n\t\t\t\t<\/div>\n\t\t\t\t\t<span class=\"e-load-more-spinner\">\n\t\t\t\t<i aria-hidden=\"true\" class=\"fas fa-spinner\"><\/i>\t\t\t<\/span>\n\t\t\n\t\t\t\t<div class=\"e-load-more-anchor\" data-page=\"1\" data-max-page=\"5\" data-next-page=\"https:\/\/www.re-mind.care\/wp-json\/wp\/v2\/pages\/68848\/page\/2\/\"><\/div>\n\t\t\t\t<div class=\"elementor-button-wrapper\">\n\t\t\t<a href=\"#\" class=\"elementor-button-link elementor-button\" role=\"button\">\n\t\t\t\t\t\t<span class=\"elementor-button-content-wrapper\">\n\t\t\t\t\t\t\t\t\t<span class=\"elementor-button-text\">Di pi\u00f9<\/span>\n\t\t\t\t\t<\/span>\n\t\t\t\t\t<\/a>\n\t\t<\/div>\n\t\t\t\t<div class=\"e-load-more-message\"><\/div>\n\t\t\t\t\t\t<\/div>\n\t\t\t\t<\/div>\n\t\t\t\t\t<\/div>\n\t\t\t\t<\/div>\n\t\t\t\t\t<\/div>\n\t\t\t\t<\/div>\n\t\t\t\t<\/div>","protected":false},"excerpt":{"rendered":"<p>\u201cSentirsi vitali pi\u00f9 a lungo\u201d Corine Tiemes, terapista manuale della neurologia e della riflessologia plantare, racconta il promemoria \u201c\u00c8 molto semplice: stare seduti per pi\u00f9 di 15 minuti provoca l&#039;irrigidimento dei muscoli e delle articolazioni. Quindi devi continuare a muoverti. Tutto il giorno, non solo durante l&#039;ora di allenamento settimanale. Chiamo questi &quot;momenti coscienti di movimento&quot;: piccoli movimenti silenziosi in un&#039;articolazione, ...<\/p>\n<p class=\"read-more\"> <a class=\"\" href=\"https:\/\/www.re-mind.care\/it\/ellen-engwerda-van-sambeeck\/\"> <span class=\"screen-reader-text\">Ellen Engwerda - van Sambeeck<\/span> Leggi altro \u00bb<\/a><\/p>","protected":false},"author":1,"featured_media":1743,"parent":0,"menu_order":0,"comment_status":"closed","ping_status":"closed","template":"elementor_header_footer","meta":{"inline_featured_image":false,"site-sidebar-layout":"default","site-content-layout":"","ast-site-content-layout":"full-width-container","site-content-style":"unboxed","site-sidebar-style":"default","ast-global-header-display":"","ast-banner-title-visibility":"","ast-main-header-display":"","ast-hfb-above-header-display":"","ast-hfb-below-header-display":"","ast-hfb-mobile-header-display":"","site-post-title":"","ast-breadcrumbs-content":"","ast-featured-img":"","footer-sml-layout":"","theme-transparent-header-meta":"","adv-header-id-meta":"","stick-header-meta":"","header-above-stick-meta":"","header-main-stick-meta":"","header-below-stick-meta":"","astra-migrate-meta-layouts":"","ast-page-background-enabled":"default","ast-page-background-meta":{"desktop":{"background-color":"var(--ast-global-color-4)","background-image":"","background-repeat":"repeat","background-position":"center center","background-size":"auto","background-attachment":"scroll","background-type":"","background-media":"","overlay-type":"","overlay-color":"","overlay-gradient":""},"tablet":{"background-color":"","background-image":"","background-repeat":"repeat","background-position":"center center","background-size":"auto","background-attachment":"scroll","background-type":"","background-media":"","overlay-type":"","overlay-color":"","overlay-gradient":""},"mobile":{"background-color":"","background-image":"","background-repeat":"repeat","background-position":"center center","background-size":"auto","background-attachment":"scroll","background-type":"","background-media":"","overlay-type":"","overlay-color":"","overlay-gradient":""}},"ast-content-background-meta":{"desktop":{"background-color":"var(--ast-global-color-5)","background-image":"","background-repeat":"repeat","background-position":"center center","background-size":"auto","background-attachment":"scroll","background-type":"","background-media":"","overlay-type":"","overlay-color":"","overlay-gradient":""},"tablet":{"background-color":"var(--ast-global-color-5)","background-image":"","background-repeat":"repeat","background-position":"center center","background-size":"auto","background-attachment":"scroll","background-type":"","background-media":"","overlay-type":"","overlay-color":"","overlay-gradient":""},"mobile":{"background-color":"var(--ast-global-color-5)","background-image":"","background-repeat":"repeat","background-position":"center center","background-size":"auto","background-attachment":"scroll","background-type":"","background-media":"","overlay-type":"","overlay-color":"","overlay-gradient":""}},"footnotes":""},"categories":[184],"tags":[],"class_list":["post-68848","page","type-page","status-publish","has-post-thumbnail","hentry","category-professional-reviews"],"yoast_head":"<!-- This site is optimized with the Yoast SEO plugin v26.2 - https:\/\/yoast.com\/wordpress\/plugins\/seo\/ -->\n<title>Corine Tiemens -<\/title>\n<meta name=\"robots\" content=\"index, follow, max-snippet:-1, max-image-preview:large, max-video-preview:-1\" \/>\n<link rel=\"canonical\" href=\"https:\/\/www.re-mind.care\/it\/corine-tiemens\/\" \/>\n<meta property=\"og:locale\" content=\"it_IT\" \/>\n<meta property=\"og:type\" content=\"article\" \/>\n<meta property=\"og:title\" content=\"Corine Tiemens -\" \/>\n<meta property=\"og:description\" content=\"\u201cVoel je langer vitaal\u201d Manueel neuro- en reflexzonetherapeut Corine Tiemes over de re-mind \u201cHet is heel simpel: meer dan 15 minuten stilzitten, geeft verstijving van spieren en gewrichten. Je moet dus in beweging blijven. De hele dag door, niet alleen tijdens je wekelijkse sportuurtje. Ik noem dit \u2018bewuste beweegmomenten\u2019: rustige, kleine bewegingen in een gewricht, &hellip; Ellen Engwerda &#8211; van Sambeeck Leggi altro &raquo;\" \/>\n<meta property=\"og:url\" content=\"https:\/\/www.re-mind.care\/it\/corine-tiemens\/\" \/>\n<meta property=\"article:modified_time\" content=\"2024-05-17T07:45:32+00:00\" \/>\n<meta property=\"og:image\" content=\"https:\/\/www.re-mind.care\/wp-content\/uploads\/2020\/11\/re-mind-gebruiker-360-corine-tiemens.jpg\" \/>\n\t<meta property=\"og:image:width\" content=\"360\" \/>\n\t<meta property=\"og:image:height\" content=\"360\" \/>\n\t<meta property=\"og:image:type\" content=\"image\/jpeg\" \/>\n<meta name=\"twitter:card\" content=\"summary_large_image\" \/>\n<meta name=\"twitter:label1\" content=\"Tempo di lettura stimato\" \/>\n\t<meta name=\"twitter:data1\" content=\"3 minuti\" \/>\n<script type=\"application\/ld+json\" class=\"yoast-schema-graph\">{\"@context\":\"https:\/\/schema.org\",\"@graph\":[{\"@type\":\"WebPage\",\"@id\":\"https:\/\/www.re-mind.care\/corine-tiemens\/\",\"url\":\"https:\/\/www.re-mind.care\/corine-tiemens\/\",\"name\":\"Corine Tiemens -\",\"isPartOf\":{\"@id\":\"https:\/\/www.re-mind.care\/#website\"},\"primaryImageOfPage\":{\"@id\":\"https:\/\/www.re-mind.care\/corine-tiemens\/#primaryimage\"},\"image\":{\"@id\":\"https:\/\/www.re-mind.care\/corine-tiemens\/#primaryimage\"},\"thumbnailUrl\":\"https:\/\/www.re-mind.care\/wp-content\/uploads\/2020\/11\/re-mind-gebruiker-360-corine-tiemens.jpg\",\"datePublished\":\"2022-04-11T14:08:29+00:00\",\"dateModified\":\"2024-05-17T07:45:32+00:00\",\"breadcrumb\":{\"@id\":\"https:\/\/www.re-mind.care\/corine-tiemens\/#breadcrumb\"},\"inLanguage\":\"it-IT\",\"potentialAction\":[{\"@type\":\"ReadAction\",\"target\":[\"https:\/\/www.re-mind.care\/corine-tiemens\/\"]}]},{\"@type\":\"ImageObject\",\"inLanguage\":\"it-IT\",\"@id\":\"https:\/\/www.re-mind.care\/corine-tiemens\/#primaryimage\",\"url\":\"https:\/\/www.re-mind.care\/wp-content\/uploads\/2020\/11\/re-mind-gebruiker-360-corine-tiemens.jpg\",\"contentUrl\":\"https:\/\/www.re-mind.care\/wp-content\/uploads\/2020\/11\/re-mind-gebruiker-360-corine-tiemens.jpg\",\"width\":360,\"height\":360,\"caption\":\"houding-rug-nek-schouders-spanning-stress-adem-stem-slikken-kaakklemmen\"},{\"@type\":\"BreadcrumbList\",\"@id\":\"https:\/\/www.re-mind.care\/corine-tiemens\/#breadcrumb\",\"itemListElement\":[{\"@type\":\"ListItem\",\"position\":1,\"name\":\"Home\",\"item\":\"https:\/\/www.re-mind.care\/\"},{\"@type\":\"ListItem\",\"position\":2,\"name\":\"Corine Tiemens\"}]},{\"@type\":\"WebSite\",\"@id\":\"https:\/\/www.re-mind.care\/#website\",\"url\":\"https:\/\/www.re-mind.care\/\",\"name\":\"\",\"description\":\"\",\"potentialAction\":[{\"@type\":\"SearchAction\",\"target\":{\"@type\":\"EntryPoint\",\"urlTemplate\":\"https:\/\/www.re-mind.care\/?s={search_term_string}\"},\"query-input\":{\"@type\":\"PropertyValueSpecification\",\"valueRequired\":true,\"valueName\":\"search_term_string\"}}],\"inLanguage\":\"it-IT\"}]}<\/script>\n<!-- \/ Yoast SEO plugin. -->","yoast_head_json":{"title":"Corine Tiemens -","robots":{"index":"index","follow":"follow","max-snippet":"max-snippet:-1","max-image-preview":"max-image-preview:large","max-video-preview":"max-video-preview:-1"},"canonical":"https:\/\/www.re-mind.care\/it\/corine-tiemens\/","og_locale":"it_IT","og_type":"article","og_title":"Corine Tiemens -","og_description":"\u201cVoel je langer vitaal\u201d Manueel neuro- en reflexzonetherapeut Corine Tiemes over de re-mind \u201cHet is heel simpel: meer dan 15 minuten stilzitten, geeft verstijving van spieren en gewrichten. Je moet dus in beweging blijven. De hele dag door, niet alleen tijdens je wekelijkse sportuurtje. Ik noem dit \u2018bewuste beweegmomenten\u2019: rustige, kleine bewegingen in een gewricht, &hellip; Ellen Engwerda &#8211; van Sambeeck Leggi altro &raquo;","og_url":"https:\/\/www.re-mind.care\/it\/corine-tiemens\/","article_modified_time":"2024-05-17T07:45:32+00:00","og_image":[{"width":360,"height":360,"url":"https:\/\/www.re-mind.care\/wp-content\/uploads\/2020\/11\/re-mind-gebruiker-360-corine-tiemens.jpg","type":"image\/jpeg"}],"twitter_card":"summary_large_image","twitter_misc":{"Tempo di lettura stimato":"3 minuti"},"schema":{"@context":"https:\/\/schema.org","@graph":[{"@type":"WebPage","@id":"https:\/\/www.re-mind.care\/corine-tiemens\/","url":"https:\/\/www.re-mind.care\/corine-tiemens\/","name":"Corine Tiemens -","isPartOf":{"@id":"https:\/\/www.re-mind.care\/#website"},"primaryImageOfPage":{"@id":"https:\/\/www.re-mind.care\/corine-tiemens\/#primaryimage"},"image":{"@id":"https:\/\/www.re-mind.care\/corine-tiemens\/#primaryimage"},"thumbnailUrl":"https:\/\/www.re-mind.care\/wp-content\/uploads\/2020\/11\/re-mind-gebruiker-360-corine-tiemens.jpg","datePublished":"2022-04-11T14:08:29+00:00","dateModified":"2024-05-17T07:45:32+00:00","breadcrumb":{"@id":"https:\/\/www.re-mind.care\/corine-tiemens\/#breadcrumb"},"inLanguage":"it-IT","potentialAction":[{"@type":"ReadAction","target":["https:\/\/www.re-mind.care\/corine-tiemens\/"]}]},{"@type":"ImageObject","inLanguage":"it-IT","@id":"https:\/\/www.re-mind.care\/corine-tiemens\/#primaryimage","url":"https:\/\/www.re-mind.care\/wp-content\/uploads\/2020\/11\/re-mind-gebruiker-360-corine-tiemens.jpg","contentUrl":"https:\/\/www.re-mind.care\/wp-content\/uploads\/2020\/11\/re-mind-gebruiker-360-corine-tiemens.jpg","width":360,"height":360,"caption":"houding-rug-nek-schouders-spanning-stress-adem-stem-slikken-kaakklemmen"},{"@type":"BreadcrumbList","@id":"https:\/\/www.re-mind.care\/corine-tiemens\/#breadcrumb","itemListElement":[{"@type":"ListItem","position":1,"name":"Home","item":"https:\/\/www.re-mind.care\/"},{"@type":"ListItem","position":2,"name":"Corine Tiemens"}]},{"@type":"WebSite","@id":"https:\/\/www.re-mind.care\/#website","url":"https:\/\/www.re-mind.care\/","name":"","description":"","potentialAction":[{"@type":"SearchAction","target":{"@type":"EntryPoint","urlTemplate":"https:\/\/www.re-mind.care\/?s={search_term_string}"},"query-input":{"@type":"PropertyValueSpecification","valueRequired":true,"valueName":"search_term_string"}}],"inLanguage":"it-IT"}]}},"_links":{"self":[{"href":"https:\/\/www.re-mind.care\/it\/wp-json\/wp\/v2\/pages\/68848","targetHints":{"allow":["GET"]}}],"collection":[{"href":"https:\/\/www.re-mind.care\/it\/wp-json\/wp\/v2\/pages"}],"about":[{"href":"https:\/\/www.re-mind.care\/it\/wp-json\/wp\/v2\/types\/page"}],"author":[{"embeddable":true,"href":"https:\/\/www.re-mind.care\/it\/wp-json\/wp\/v2\/users\/1"}],"replies":[{"embeddable":true,"href":"https:\/\/www.re-mind.care\/it\/wp-json\/wp\/v2\/comments?post=68848"}],"version-history":[{"count":4,"href":"https:\/\/www.re-mind.care\/it\/wp-json\/wp\/v2\/pages\/68848\/revisions"}],"predecessor-version":[{"id":68852,"href":"https:\/\/www.re-mind.care\/it\/wp-json\/wp\/v2\/pages\/68848\/revisions\/68852"}],"wp:featuredmedia":[{"embeddable":true,"href":"https:\/\/www.re-mind.care\/it\/wp-json\/wp\/v2\/media\/1743"}],"wp:attachment":[{"href":"https:\/\/www.re-mind.care\/it\/wp-json\/wp\/v2\/media?parent=68848"}],"wp:term":[{"taxonomy":"category","embeddable":true,"href":"https:\/\/www.re-mind.care\/it\/wp-json\/wp\/v2\/categories?post=68848"},{"taxonomy":"post_tag","embeddable":true,"href":"https:\/\/www.re-mind.care\/it\/wp-json\/wp\/v2\/tags?post=68848"}],"curies":[{"name":"wp","href":"https:\/\/api.w.org\/{rel}","templated":true}]}}